{"id":158,"date":"2025-08-03T14:02:15","date_gmt":"2025-08-03T14:02:15","guid":{"rendered":"https:\/\/www.cbdlujo.es\/index.php\/producto\/desert-bloom\/"},"modified":"2025-08-08T12:05:36","modified_gmt":"2025-08-08T12:05:36","slug":"small-buds-ak47","status":"publish","type":"product","link":"https:\/\/www.cbdlujo.es\/?product=small-buds-ak47","title":{"rendered":"AK47"},"content":{"rendered":"\t\t<div data-elementor-type=\"wp-post\" data-elementor-id=\"158\" class=\"elementor elementor-158\">\n\t\t\t\t<div class=\"elementor-element elementor-element-21427c84 e-flex e-con-boxed e-con e-parent\" data-id=\"21427c84\" data-element_type=\"container\" data-e-type=\"container\">\n\t\t\t\t\t<div class=\"e-con-inner\">\n\t\t\t\t<div class=\"elementor-element elementor-element-7d14dfbe elementor-widget elementor-widget-text-editor\" data-id=\"7d14dfbe\" data-element_type=\"widget\" data-e-type=\"widget\" data-widget_type=\"text-editor.default\">\n\t\t\t\t<div class=\"elementor-widget-container\">\n\t\t\t\t\t\t\t\t\t<h3 data-start=\"138\" data-end=\"193\"><strong data-start=\"145\" data-end=\"193\">AK47 Small Buds \u2013 CBD Greenhouse (10g \/ 50g)<\/strong><\/h3>\r\n<p data-start=\"195\" data-end=\"245\"><strong data-start=\"195\" data-end=\"245\">Aroma cl\u00e1sico. Tama\u00f1o peque\u00f1o. Calidad brutal.<\/strong><\/p>\r\n<p data-start=\"247\" data-end=\"571\">Descubre <strong data-start=\"256\" data-end=\"275\">AK47 Small Buds<\/strong>, una de las gen\u00e9ticas m\u00e1s ic\u00f3nicas del mundo del cannabis ahora disponible en formato CBD legal y en tama\u00f1o reducido. Cultivada en <strong data-start=\"407\" data-end=\"435\">invernadero (greenhouse)<\/strong>, esta flor combina un <strong data-start=\"458\" data-end=\"510\">aroma terroso, especiado y ligeramente amaderado<\/strong> con un efecto relajante perfecto para la desconexi\u00f3n diaria.<\/p>\r\n<p data-start=\"573\" data-end=\"801\">\u2714\ufe0f <strong data-start=\"576\" data-end=\"610\">Cogollos peque\u00f1os (1 \u2013 2,5 cm)<\/strong><br data-start=\"610\" data-end=\"613\" \/>\u2714\ufe0f <strong data-start=\"616\" data-end=\"631\">CBD &lt; 30%<\/strong> g<br data-start=\"673\" data-end=\"676\" \/>\u2714\ufe0f <strong data-start=\"679\" data-end=\"693\">THC &lt; 0,2%<\/strong> (legal en Espa\u00f1a y Europa)<br data-start=\"720\" data-end=\"723\" \/>\u2714\ufe0f <strong data-start=\"726\" data-end=\"747\">Cosecha 2023\/2024<\/strong><br data-start=\"747\" data-end=\"750\" \/>\u2714\ufe0f <strong data-start=\"753\" data-end=\"799\">Acabado a mano, sin pesticidas ni qu\u00edmicos<\/strong><\/p>\r\n<p data-start=\"803\" data-end=\"817\">Disponible en:<\/p>\r\n\r\n<ul data-start=\"818\" data-end=\"907\">\r\n \t<li data-start=\"818\" data-end=\"851\">\r\n<p data-start=\"820\" data-end=\"851\">\ud83e\uded9 <strong data-start=\"823\" data-end=\"830\">10g<\/strong>: en tarro resellable<\/p>\r\n<\/li>\r\n \t<li data-start=\"852\" data-end=\"907\">\r\n<p data-start=\"854\" data-end=\"907\">\ud83d\udce6 <strong data-start=\"857\" data-end=\"864\">50g<\/strong>: en bolsa doypack con interior aluminizado<\/p>\r\n<\/li>\r\n<\/ul>\r\n<p data-start=\"909\" data-end=\"1058\">\u2705 Ideal para aromaterapia, coleccionismo o uso t\u00e9cnico<br data-start=\"963\" data-end=\"966\" \/>\ud83d\ude9a Env\u00edo discreto 24\/48h con embalaje antigolpes<br data-start=\"1014\" data-end=\"1017\" \/>\ud83d\udd12 Compra segura y atenci\u00f3n personalizada<\/p>\r\n\r\n<blockquote data-start=\"1060\" data-end=\"1166\">\r\n<p data-start=\"1062\" data-end=\"1166\"><em data-start=\"1062\" data-end=\"1166\">Producto exclusivo de CBDLujo.es \u2013 Solo para uso externo y decorativo. No destinado al consumo humano.<\/em><\/p>\r\n<\/blockquote>\t\t\t\t\t\t\t\t<\/div>\n\t\t\t\t<\/div>\n\t\t\t\t\t<\/div>\n\t\t\t\t<\/div>\n\t\t<div class=\"elementor-element elementor-element-7c5e414 e-flex e-con-boxed e-con e-parent\" data-id=\"7c5e414\" data-element_type=\"container\" data-e-type=\"container\">\n\t\t\t\t\t<div class=\"e-con-inner\">\n\t\t\t\t<div class=\"elementor-element elementor-element-ada56c7 elementor-invisible elementor-widget elementor-widget-image\" data-id=\"ada56c7\" data-element_type=\"widget\" data-e-type=\"widget\" data-settings=\"{&quot;_animation&quot;:&quot;slideInRight&quot;,&quot;_animation_delay&quot;:200}\" data-widget_type=\"image.default\">\n\t\t\t\t<div class=\"elementor-widget-container\">\n\t\t\t\t\t\t\t\t\t\t\t\t\t\t\t<img fetchpriority=\"high\" decoding=\"async\" data-attachment-id=\"579\" data-permalink=\"https:\/\/www.cbdlujo.es\/?attachment_id=579\" data-orig-file=\"https:\/\/www.cbdlujo.es\/wp-content\/uploads\/2025\/08\/delivery-truck-1.png\" data-orig-size=\"1523,598\" data-comments-opened=\"1\" data-image-meta=\"{&quot;aperture&quot;:&quot;0&quot;,&quot;credit&quot;:&quot;&quot;,&quot;camera&quot;:&quot;&quot;,&quot;caption&quot;:&quot;&quot;,&quot;created_timestamp&quot;:&quot;0&quot;,&quot;copyright&quot;:&quot;&quot;,&quot;focal_length&quot;:&quot;0&quot;,&quot;iso&quot;:&quot;0&quot;,&quot;shutter_speed&quot;:&quot;0&quot;,&quot;title&quot;:&quot;&quot;,&quot;orientation&quot;:&quot;0&quot;}\" data-image-title=\"delivery truck 1\" data-image-description=\"\" data-image-caption=\"\" data-medium-file=\"https:\/\/www.cbdlujo.es\/wp-content\/uploads\/2025\/08\/delivery-truck-1-300x118.png\" data-large-file=\"https:\/\/www.cbdlujo.es\/wp-content\/uploads\/2025\/08\/delivery-truck-1-1024x402.png\" width=\"1024\" height=\"402\" src=\"https:\/\/www.cbdlujo.es\/wp-content\/uploads\/2025\/08\/delivery-truck-1-1024x402.png\" class=\"attachment-large size-large wp-image-579\" alt=\"delivery truck 1\" srcset=\"https:\/\/www.cbdlujo.es\/wp-content\/uploads\/2025\/08\/delivery-truck-1-1024x402.png 1024w, https:\/\/www.cbdlujo.es\/wp-content\/uploads\/2025\/08\/delivery-truck-1-600x236.png 600w, https:\/\/www.cbdlujo.es\/wp-content\/uploads\/2025\/08\/delivery-truck-1-300x118.png 300w, https:\/\/www.cbdlujo.es\/wp-content\/uploads\/2025\/08\/delivery-truck-1-768x302.png 768w, https:\/\/www.cbdlujo.es\/wp-content\/uploads\/2025\/08\/delivery-truck-1.png 1523w\" sizes=\"(max-width: 1024px) 100vw, 1024px\" data-attachment-id=\"579\" data-permalink=\"https:\/\/www.cbdlujo.es\/?attachment_id=579\" data-orig-file=\"https:\/\/www.cbdlujo.es\/wp-content\/uploads\/2025\/08\/delivery-truck-1.png\" data-orig-size=\"1523,598\" data-comments-opened=\"1\" data-image-meta=\"{&quot;aperture&quot;:&quot;0&quot;,&quot;credit&quot;:&quot;&quot;,&quot;camera&quot;:&quot;&quot;,&quot;caption&quot;:&quot;&quot;,&quot;created_timestamp&quot;:&quot;0&quot;,&quot;copyright&quot;:&quot;&quot;,&quot;focal_length&quot;:&quot;0&quot;,&quot;iso&quot;:&quot;0&quot;,&quot;shutter_speed&quot;:&quot;0&quot;,&quot;title&quot;:&quot;&quot;,&quot;orientation&quot;:&quot;0&quot;}\" data-image-title=\"delivery truck 1\" data-image-description=\"\" data-image-caption=\"\" data-medium-file=\"https:\/\/www.cbdlujo.es\/wp-content\/uploads\/2025\/08\/delivery-truck-1-300x118.png\" data-large-file=\"https:\/\/www.cbdlujo.es\/wp-content\/uploads\/2025\/08\/delivery-truck-1-1024x402.png\" \/>\t\t\t\t\t\t\t\t\t\t\t\t\t\t\t<\/div>\n\t\t\t\t<\/div>\n\t\t\t\t\t<\/div>\n\t\t\t\t<\/div>\n\t\t\t\t<\/div>\n\t\t","protected":false},"excerpt":{"rendered":"<p>AK47 Small Buds \u2013 CBD Greenhouse (10g \/ 50g) Aroma cl\u00e1sico. Tama\u00f1o peque\u00f1o. Calidad brutal. Descubre AK47 Small Buds, una [&hellip;]<\/p>\n","protected":false},"featured_media":2026,"template":"","meta":{"site-sidebar-layout":"default","site-content-layout":"","ast-site-content-layout":"default","site-content-style":"default","site-sidebar-style":"default","ast-global-header-display":"","ast-banner-title-visibility":"","ast-main-header-display":"","ast-hfb-above-header-display":"","ast-hfb-below-header-display":"","ast-hfb-mobile-header-display":"","site-post-title":"","ast-breadcrumbs-content":"","ast-featured-img":"","footer-sml-layout":"","ast-disable-related-posts":"","theme-transparent-header-meta":"default","adv-header-id-meta":"","stick-header-meta":"","header-above-stick-meta":"","header-main-stick-meta":"","header-below-stick-meta":"","astra-migrate-meta-layouts":"set","ast-page-background-enabled":"default","ast-page-background-meta":{"desktop":{"background-color":"var(--ast-global-color-4)","background-image":"","background-repeat":"repeat","background-position":"center center","background-size":"auto","background-attachment":"scroll","background-type":"","background-media":"","overlay-type":"","overlay-color":"","overlay-opacity":"","overlay-gradient":""},"tablet":{"background-color":"","background-image":"","background-repeat":"repeat","background-position":"center center","background-size":"auto","background-attachment":"scroll","background-type":"","background-media":"","overlay-type":"","overlay-color":"","overlay-opacity":"","overlay-gradient":""},"mobile":{"background-color":"","background-image":"","background-repeat":"repeat","background-position":"center center","background-size":"auto","background-attachment":"scroll","background-type":"","background-media":"","overlay-type":"","overlay-color":"","overlay-opacity":"","overlay-gradient":""}},"ast-content-background-meta":{"desktop":{"background-color":"var(--ast-global-color-5)","background-image":"","background-repeat":"repeat","background-position":"center center","background-size":"auto","background-attachment":"scroll","background-type":"","background-media":"","overlay-type":"","overlay-color":"","overlay-opacity":"","overlay-gradient":""},"tablet":{"background-color":"var(--ast-global-color-5)","background-image":"","background-repeat":"repeat","background-position":"center center","background-size":"auto","background-attachment":"scroll","background-type":"","background-media":"","overlay-type":"","overlay-color":"","overlay-opacity":"","overlay-gradient":""},"mobile":{"background-color":"var(--ast-global-color-5)","background-image":"","background-repeat":"repeat","background-position":"center center","background-size":"auto","background-attachment":"scroll","background-type":"","background-media":"","overlay-type":"","overlay-color":"","overlay-opacity":"","overlay-gradient":""}},"advanced_seo_description":"","jetpack_seo_html_title":"","jetpack_seo_noindex":false,"jetpack_publicize_message":"","jetpack_publicize_feature_enabled":true,"jetpack_social_post_already_shared":false,"jetpack_social_options":{"image_generator_settings":{"template":"highway","default_image_id":0,"font":"","enabled":false},"version":2}},"product_brand":[],"product_cat":[24,21],"product_tag":[],"class_list":{"0":"post-158","1":"product","2":"type-product","3":"status-publish","4":"has-post-thumbnail","6":"product_cat-green-house","7":"product_cat-small-bubds","8":"desktop-align-center","9":"tablet-align-left","10":"mobile-align-left","12":"first","13":"instock","14":"shipping-taxable","15":"purchasable","16":"product-type-variable"},"jetpack_publicize_connections":[],"jetpack_sharing_enabled":true,"jetpack-related-posts":[],"_links":{"self":[{"href":"https:\/\/www.cbdlujo.es\/index.php?rest_route=\/wp\/v2\/product\/158","targetHints":{"allow":["GET"]}}],"collection":[{"href":"https:\/\/www.cbdlujo.es\/index.php?rest_route=\/wp\/v2\/product"}],"about":[{"href":"https:\/\/www.cbdlujo.es\/index.php?rest_route=\/wp\/v2\/types\/product"}],"version-history":[{"count":9,"href":"https:\/\/www.cbdlujo.es\/index.php?rest_route=\/wp\/v2\/product\/158\/revisions"}],"predecessor-version":[{"id":2028,"href":"https:\/\/www.cbdlujo.es\/index.php?rest_route=\/wp\/v2\/product\/158\/revisions\/2028"}],"wp:featuredmedia":[{"embeddable":true,"href":"https:\/\/www.cbdlujo.es\/index.php?rest_route=\/wp\/v2\/media\/2026"}],"wp:attachment":[{"href":"https:\/\/www.cbdlujo.es\/index.php?rest_route=%2Fwp%2Fv2%2Fmedia&parent=158"}],"wp:term":[{"taxonomy":"product_brand","embeddable":true,"href":"https:\/\/www.cbdlujo.es\/index.php?rest_route=%2Fwp%2Fv2%2Fproduct_brand&post=158"},{"taxonomy":"product_cat","embeddable":true,"href":"https:\/\/www.cbdlujo.es\/index.php?rest_route=%2Fwp%2Fv2%2Fproduct_cat&post=158"},{"taxonomy":"product_tag","embeddable":true,"href":"https:\/\/www.cbdlujo.es\/index.php?rest_route=%2Fwp%2Fv2%2Fproduct_tag&post=158"}],"curies":[{"name":"wp","href":"https:\/\/api.w.org\/{rel}","templated":true}]}}